{"id":14,"date":"2019-05-08T18:46:45","date_gmt":"2019-05-08T16:46:45","guid":{"rendered":"http:\/\/studnia.eu\/?page_id=14"},"modified":"2019-05-10T21:39:40","modified_gmt":"2019-05-10T19:39:40","slug":"strona-glowna","status":"publish","type":"page","link":"http:\/\/studnia.eu\/","title":{"rendered":"Strona G\u0142\u00f3wna"},"content":{"rendered":"<p>[et_pb_section fb_built=&#8221;1&#8243; _builder_version=&#8221;3.22.7&#8243; background_image=&#8221;http:\/\/studnia.eu\/wp-content\/uploads\/2019\/05\/biurko.jpg&#8221; min_height=&#8221;348px&#8221; animation_style=&#8221;fade&#8221;][et_pb_row _builder_version=&#8221;3.22.3&#8243; background_size=&#8221;initial&#8221; background_position=&#8221;top_left&#8221; background_repeat=&#8221;repeat&#8221;][et_pb_column type=&#8221;4_4&#8243; _builder_version=&#8221;3.0.47&#8243;][et_pb_slider _builder_version=&#8221;3.22.7&#8243; box_shadow_style=&#8221;preset6&#8243; box_shadow_blur=&#8221;10px&#8221; box_shadow_color=&#8221;rgba(0,0,0,0.1)&#8221; custom_padding=&#8221;56px||46px|||&#8221; custom_padding_tablet=&#8221;|||&#8221; custom_padding_phone=&#8221;|||&#8221; button_text_size__hover_enabled=&#8221;off&#8221; button_one_text_size__hover_enabled=&#8221;off&#8221; button_two_text_size__hover_enabled=&#8221;off&#8221; button_text_color__hover_enabled=&#8221;off&#8221; button_one_text_color__hover_enabled=&#8221;off&#8221; button_two_text_color__hover_enabled=&#8221;off&#8221; button_border_width__hover_enabled=&#8221;off&#8221; button_one_border_width__hover_enabled=&#8221;off&#8221; button_two_border_width__hover_enabled=&#8221;off&#8221; button_border_color__hover_enabled=&#8221;off&#8221; button_one_border_color__hover_enabled=&#8221;off&#8221; button_two_border_color__hover_enabled=&#8221;off&#8221; button_border_radius__hover_enabled=&#8221;off&#8221; button_one_border_radius__hover_enabled=&#8221;off&#8221; button_two_border_radius__hover_enabled=&#8221;off&#8221; button_letter_spacing__hover_enabled=&#8221;off&#8221; button_one_letter_spacing__hover_enabled=&#8221;off&#8221; button_two_letter_spacing__hover_enabled=&#8221;off&#8221; button_bg_color__hover_enabled=&#8221;off&#8221; button_one_bg_color__hover_enabled=&#8221;off&#8221; button_two_bg_color__hover_enabled=&#8221;off&#8221;][et_pb_slide heading=&#8221;Zak\u0142ad Wiercenia Studni s.c. Krakowiak&#8221; _builder_version=&#8221;3.22.7&#8243; background_color=&#8221;#27c9b9&#8243; use_background_color_gradient=&#8221;on&#8221; background_color_gradient_start=&#8221;#27c9b9&#8243; background_color_gradient_end=&#8221;#23adbc&#8221; background_color_gradient_direction=&#8221;330deg&#8221; button_text_size__hover_enabled=&#8221;off&#8221; button_one_text_size__hover_enabled=&#8221;off&#8221; button_two_text_size__hover_enabled=&#8221;off&#8221; button_text_color__hover_enabled=&#8221;off&#8221; button_one_text_color__hover_enabled=&#8221;off&#8221; button_two_text_color__hover_enabled=&#8221;off&#8221; button_border_width__hover_enabled=&#8221;off&#8221; button_one_border_width__hover_enabled=&#8221;off&#8221; button_two_border_width__hover_enabled=&#8221;off&#8221; button_border_color__hover_enabled=&#8221;off&#8221; button_one_border_color__hover_enabled=&#8221;off&#8221; button_two_border_color__hover_enabled=&#8221;off&#8221; button_border_radius__hover_enabled=&#8221;off&#8221; button_one_border_radius__hover_enabled=&#8221;off&#8221; button_two_border_radius__hover_enabled=&#8221;off&#8221; button_letter_spacing__hover_enabled=&#8221;off&#8221; button_one_letter_spacing__hover_enabled=&#8221;off&#8221; button_two_letter_spacing__hover_enabled=&#8221;off&#8221; button_bg_color__hover_enabled=&#8221;off&#8221; button_one_bg_color__hover_enabled=&#8221;off&#8221; button_two_bg_color__hover_enabled=&#8221;off&#8221;][\/et_pb_slide][\/et_pb_slider][\/et_pb_column][\/et_pb_row][\/et_pb_section][et_pb_section fb_built=&#8221;1&#8243; _builder_version=&#8221;3.22.7&#8243; background_color=&#8221;#f4f4f4&#8243;][et_pb_row _builder_version=&#8221;3.22.7&#8243; animation_style=&#8221;fade&#8221;][et_pb_column type=&#8221;2_5&#8243; _builder_version=&#8221;3.22.7&#8243;][et_pb_image src=&#8221;http:\/\/studnia.eu\/wp-content\/uploads\/2019\/05\/logo.png&#8221; _builder_version=&#8221;3.22.7&#8243;][\/et_pb_image][\/et_pb_column][et_pb_column type=&#8221;3_5&#8243; _builder_version=&#8221;3.22.7&#8243;][et_pb_text _builder_version=&#8221;3.22.7&#8243;]<\/p>\n<h1><\/h1>\n<h1>O nas<\/h1>\n<p style=\"text-align: justify;\"><span>Jeste\u015bmy firm\u0105 rodzinn\u0105, dzia\u0142aj\u0105c\u0105 od 1982 roku, w szczeg\u00f3lno\u015bci na terenie wojew\u00f3dztwa \u015bwi\u0119tokrzyskiego oraz w centralnej i po\u0142udniowej Polsce. Zajmujemy si\u0119 g\u0142\u00f3wnie wykonywaniem otwor\u00f3w studziennych oraz ich renowacjami dla odbiorc\u00f3w indywidualnych i instytucjonalnych. Za\u0142atwiamy zwi\u0105zane z tym sprawy formalne ( projekty prac geologicznych, dokumentacje geologiczne, operaty wodnoprawne ). Kilka lat temu poszerzyli\u015bmy zakres dzia\u0142alno\u015bci naszej firmy o wykonywanie odwodnie\u0144 metod\u0105 studni depresyjnych. Posiadany przez nas mobilny sprz\u0119t oraz du\u017ca ilo\u015b\u0107 pomp pozwala na szybkie odwiercenie p\u0142ytkich otwor\u00f3w ( do 20 \u2013 30m ) <br \/>i ich pompowanie. Wykonujemy tak\u017ce prace geologiczne w zakresie: tworzenia sieci monitoringu w\u00f3d podziemnych ( piezometry ), wierce\u0144 z\u0142o\u017cowych oraz bada\u0144 geotechnicznych.<\/span><\/p>\n<p>[\/et_pb_text][et_pb_divider _builder_version=&#8221;3.22.7&#8243;][\/et_pb_divider][\/et_pb_column][\/et_pb_row][\/et_pb_section][et_pb_section fb_built=&#8221;1&#8243; _builder_version=&#8221;3.22.7&#8243;][et_pb_row _builder_version=&#8221;3.22.7&#8243; animation_style=&#8221;fade&#8221;][et_pb_column type=&#8221;3_5&#8243; _builder_version=&#8221;3.22.7&#8243;][et_pb_text _builder_version=&#8221;3.22.7&#8243;]<\/p>\n<h1>Wykonujemy<\/h1>\n<p>&#8211; otwory studzienne do g\u0142\u0119boko\u015bci 200m i \u015brednicy do 20 cali ( 508mm )<br \/>&#8211; renowacje istniej\u0105cych otwor\u00f3w studziennych<br \/>&#8211; pompowania okre\u015blaj\u0105ce zasoby w\u00f3d podziemnych<br \/>&#8211; studnie depresyjne ( odwodnieniowe ) wraz z ich pompowaniem i odprowadzeniem wody<br \/>-projekty prac geologicznych na wykonanie otwor\u00f3w studziennych<br \/>-dokumentacj\u0119 hydrogeologiczn\u0105 studni<br \/>-operaty wodnoprawne<br \/>&#8211; otwory piezometryczne ( tworzenie sieci monitoringu w\u00f3d podziemnych )<br \/>&#8211; badania geotechniczne wraz z dokumentacj\u0105 dla potrzeb budownictwa<\/p>\n<p>[\/et_pb_text][et_pb_divider _builder_version=&#8221;3.22.7&#8243;][\/et_pb_divider][\/et_pb_column][et_pb_column type=&#8221;2_5&#8243; _builder_version=&#8221;3.22.7&#8243;][et_pb_image src=&#8221;http:\/\/studnia.eu\/wp-content\/uploads\/2019\/05\/inzyniery.jpg&#8221; _builder_version=&#8221;3.22.7&#8243;][\/et_pb_image][\/et_pb_column][\/et_pb_row][\/et_pb_section][et_pb_section fb_built=&#8221;1&#8243; _builder_version=&#8221;3.22.7&#8243; background_color=&#8221;#f4f4f4&#8243;][et_pb_row _builder_version=&#8221;3.22.7&#8243; animation_style=&#8221;bounce&#8221;][et_pb_column type=&#8221;2_5&#8243; _builder_version=&#8221;3.22.7&#8243;][et_pb_text _builder_version=&#8221;3.22.7&#8243;]<\/p>\n<h1>Dane kontaktowe<\/h1>\n<p><strong>tel. + 48 604 584 940<\/strong><br \/> <strong>email: <a href=\"mailto:bok@studnia.eu\">bok@studnia.eu<\/a><\/strong><\/p>\n<p>Adres: ul. Walerego Przyborowskiego 201, Domaszowice<br \/>25-900 Kielce<\/p>\n<p>NIP: 959-05-33-899<\/p>\n<p>[\/et_pb_text][\/et_pb_column][et_pb_column type=&#8221;3_5&#8243; _builder_version=&#8221;3.22.7&#8243;][\/et_pb_column][\/et_pb_row][\/et_pb_section]<\/p>\n","protected":false},"excerpt":{"rendered":"<p>[et_pb_section fb_built=&#8221;1&#8243; _builder_version=&#8221;3.22.7&#8243; background_image=&#8221;http:\/\/studnia.eu\/wp-content\/uploads\/2019\/05\/biurko.jpg&#8221; min_height=&#8221;348px&#8221; animation_style=&#8221;fade&#8221;][et_pb_row _builder_version=&#8221;3.22.3&#8243; background_size=&#8221;initial&#8221; background_position=&#8221;top_left&#8221; background_repeat=&#8221;repeat&#8221;][et_pb_column type=&#8221;4_4&#8243; _builder_version=&#8221;3.0.47&#8243;][et_pb_slider _builder_version=&#8221;3.22.7&#8243; box_shadow_style=&#8221;preset6&#8243; box_shadow_blur=&#8221;10px&#8221; box_shadow_color=&#8221;rgba(0,0,0,0.1)&#8221; custom_padding=&#8221;56px||46px|||&#8221; custom_padding_tablet=&#8221;|||&#8221; custom_padding_phone=&#8221;|||&#8221; button_text_size__hover_enabled=&#8221;off&#8221; button_one_text_size__hover_enabled=&#8221;off&#8221; button_two_text_size__hover_enabled=&#8221;off&#8221; button_text_color__hover_enabled=&#8221;off&#8221; button_one_text_color__hover_enabled=&#8221;off&#8221; button_two_text_color__hover_enabled=&#8221;off&#8221; button_border_width__hover_enabled=&#8221;off&#8221; button_one_border_width__hover_enabled=&#8221;off&#8221; button_two_border_width__hover_enabled=&#8221;off&#8221; button_border_color__hover_enabled=&#8221;off&#8221; button_one_border_color__hover_enabled=&#8221;off&#8221; button_two_border_color__hover_enabled=&#8221;off&#8221; button_border_radius__hover_enabled=&#8221;off&#8221; button_one_border_radius__hover_enabled=&#8221;off&#8221; button_two_border_radius__hover_enabled=&#8221;off&#8221; button_letter_spacing__hover_enabled=&#8221;off&#8221; button_one_letter_spacing__hover_enabled=&#8221;off&#8221; button_two_letter_spacing__hover_enabled=&#8221;off&#8221; button_bg_color__hover_enabled=&#8221;off&#8221; button_one_bg_color__hover_enabled=&#8221;off&#8221; button_two_bg_color__hover_enabled=&#8221;off&#8221;][et_pb_slide heading=&#8221;Zak\u0142ad Wiercenia Studni s.c. Krakowiak&#8221; _builder_version=&#8221;3.22.7&#8243; background_color=&#8221;#27c9b9&#8243; use_background_color_gradient=&#8221;on&#8221; background_color_gradient_start=&#8221;#27c9b9&#8243; background_color_gradient_end=&#8221;#23adbc&#8221; background_color_gradient_direction=&#8221;330deg&#8221; button_text_size__hover_enabled=&#8221;off&#8221; button_one_text_size__hover_enabled=&#8221;off&#8221; button_two_text_size__hover_enabled=&#8221;off&#8221; button_text_color__hover_enabled=&#8221;off&#8221; [&hellip;]<\/p>\n","protected":false},"author":1,"featured_media":0,"parent":0,"menu_order":0,"comment_status":"closed","ping_status":"closed","template":"","meta":{"_et_pb_use_builder":"on","_et_pb_old_content":"","_et_gb_content_width":""},"_links":{"self":[{"href":"http:\/\/studnia.eu\/index.php\/wp-json\/wp\/v2\/pages\/14"}],"collection":[{"href":"http:\/\/studnia.eu\/index.php\/wp-json\/wp\/v2\/pages"}],"about":[{"href":"http:\/\/studnia.eu\/index.php\/wp-json\/wp\/v2\/types\/page"}],"author":[{"embeddable":true,"href":"http:\/\/studnia.eu\/index.php\/wp-json\/wp\/v2\/users\/1"}],"replies":[{"embeddable":true,"href":"http:\/\/studnia.eu\/index.php\/wp-json\/wp\/v2\/comments?post=14"}],"version-history":[{"count":6,"href":"http:\/\/studnia.eu\/index.php\/wp-json\/wp\/v2\/pages\/14\/revisions"}],"predecessor-version":[{"id":27,"href":"http:\/\/studnia.eu\/index.php\/wp-json\/wp\/v2\/pages\/14\/revisions\/27"}],"wp:attachment":[{"href":"http:\/\/studnia.eu\/index.php\/wp-json\/wp\/v2\/media?parent=14"}],"curies":[{"name":"wp","href":"https:\/\/api.w.org\/{rel}","templated":true}]}}